{"id":175,"date":"2021-01-24T11:38:52","date_gmt":"2021-01-24T18:38:52","guid":{"rendered":"https:\/\/ncuentro.net\/?page_id=175"},"modified":"2024-05-30T15:55:31","modified_gmt":"2024-05-30T22:55:31","slug":"compliance","status":"publish","type":"page","link":"https:\/\/ncuentro.net\/es\/services\/compliance\/","title":{"rendered":"Cumplimiento"},"content":{"rendered":"<div data-elementor-type=\"wp-page\" data-elementor-id=\"175\" class=\"elementor elementor-175\" data-elementor-post-type=\"page\">\n\t\t\t\t<div class=\"elementor-element elementor-element-01aa5cf e-flex e-con-boxed e-con e-parent\" data-id=\"01aa5cf\" data-element_type=\"container\">\n\t\t\t\t\t<div class=\"e-con-inner\">\n\t\t\t\t<div class=\"elementor-element elementor-element-aac0a98 elementor-widget__width-inherit elementor-widget elementor-widget-shortcode\" data-id=\"aac0a98\" data-element_type=\"widget\" data-widget_type=\"shortcode.default\">\n\t\t\t\t\t\t\t<div class=\"elementor-shortcode\"><nav aria-label=\"breadcrumbs\" class=\"rank-math-breadcrumb\"><p><span class=\"last\">Home<\/span><\/p><\/nav><\/div>\n\t\t\t\t\t\t<\/div>\n\t\t\t\t<div class=\"elementor-element elementor-element-987751d elementor-widget__width-initial elementor-widget elementor-widget-icon-box\" data-id=\"987751d\" data-element_type=\"widget\" data-settings=\"{&quot;sticky&quot;:&quot;top&quot;,&quot;sticky_on&quot;:[&quot;desktop&quot;],&quot;sticky_parent&quot;:&quot;yes&quot;,&quot;sticky_offset&quot;:0,&quot;sticky_effects_offset&quot;:0,&quot;sticky_anchor_link_offset&quot;:0}\" data-widget_type=\"icon-box.default\">\n\t\t\t\t\t\t\t<div class=\"elementor-icon-box-wrapper\">\n\n\t\t\t\n\t\t\t\t\t\t<div class=\"elementor-icon-box-content\">\n\n\t\t\t\t\t\t\t\t\t<h1 class=\"elementor-icon-box-title translation-block\">Servicio de Cumplimiento<\/h1>\n\t\t\t\t\n\t\t\t\t\t\t\t\t\t<p class=\"elementor-icon-box-description\">\n\t\t\t\t\t\tAyudamos con los procesos que la mayor\u00eda de los Church Planters desconocen. Entendemos el reto de iniciar una nueva Iglesia.\t\t\t\t\t<\/p>\n\t\t\t\t\n\t\t\t<\/div>\n\t\t\t\n\t\t<\/div>\n\t\t\t\t\t\t<\/div>\n\t\t<div class=\"elementor-element elementor-element-e9ad020 e-con-full e-flex e-con e-child\" data-id=\"e9ad020\" data-element_type=\"container\">\n\t\t\t\t<div class=\"elementor-element elementor-element-d855451 elementor-position-left elementor-position-top elementor-vertical-align-top elementor-widget elementor-widget-image-box\" data-id=\"d855451\" data-element_type=\"widget\" data-widget_type=\"image-box.default\">\n\t\t\t\t\t<div class=\"elementor-image-box-wrapper\"><figure class=\"elementor-image-box-img\"><img fetchpriority=\"high\" decoding=\"async\" width=\"2000\" height=\"1494\" src=\"https:\/\/ncuentro.net\/wp-content\/uploads\/2023\/04\/Legal-Compliance.jpg\" class=\"attachment-full size-full wp-image-2997\" alt=\"Compliance Legal\" srcset=\"https:\/\/ncuentro.net\/wp-content\/uploads\/2023\/04\/Legal-Compliance.jpg 2000w, https:\/\/ncuentro.net\/wp-content\/uploads\/2023\/04\/Legal-Compliance-300x224.jpg 300w, https:\/\/ncuentro.net\/wp-content\/uploads\/2023\/04\/Legal-Compliance-1024x765.jpg 1024w, https:\/\/ncuentro.net\/wp-content\/uploads\/2023\/04\/Legal-Compliance-768x574.jpg 768w, https:\/\/ncuentro.net\/wp-content\/uploads\/2023\/04\/Legal-Compliance-1536x1147.jpg 1536w\" sizes=\"(max-width: 2000px) 100vw, 2000px\" \/><\/figure><div class=\"elementor-image-box-content\"><h2 class=\"elementor-image-box-title\">Legal<\/h2><p class=\"elementor-image-box-description\"><ul>\n \t<li>Asistencia con los requisitos de incorporaci\u00f3n.<\/li>\n \t<li>Asesoramiento sobre los contratos que puedan ser necesarios.<\/li>\n \t<li>Establecer pol\u00edticas que proporcionen protecci\u00f3n jur\u00eddica.<\/li>\n<\/ul><\/p><\/div><\/div>\t\t\t\t<\/div>\n\t\t\t\t<div class=\"elementor-element elementor-element-bbe4d6e elementor-position-left elementor-position-top elementor-vertical-align-top elementor-widget elementor-widget-image-box\" data-id=\"bbe4d6e\" data-element_type=\"widget\" data-widget_type=\"image-box.default\">\n\t\t\t\t\t<div class=\"elementor-image-box-wrapper\"><figure class=\"elementor-image-box-img\"><img decoding=\"async\" width=\"2000\" height=\"1333\" src=\"https:\/\/ncuentro.net\/wp-content\/uploads\/2023\/04\/Financial-Compliance-Nuentro-Network.jpg\" class=\"attachment-full size-full wp-image-2999\" alt=\"Financial Compliance Nuentro Network\" srcset=\"https:\/\/ncuentro.net\/wp-content\/uploads\/2023\/04\/Financial-Compliance-Nuentro-Network.jpg 2000w, https:\/\/ncuentro.net\/wp-content\/uploads\/2023\/04\/Financial-Compliance-Nuentro-Network-300x200.jpg 300w, https:\/\/ncuentro.net\/wp-content\/uploads\/2023\/04\/Financial-Compliance-Nuentro-Network-1024x682.jpg 1024w, https:\/\/ncuentro.net\/wp-content\/uploads\/2023\/04\/Financial-Compliance-Nuentro-Network-768x512.jpg 768w, https:\/\/ncuentro.net\/wp-content\/uploads\/2023\/04\/Financial-Compliance-Nuentro-Network-1536x1024.jpg 1536w\" sizes=\"(max-width: 2000px) 100vw, 2000px\" \/><\/figure><div class=\"elementor-image-box-content\"><h2 class=\"elementor-image-box-title\">Finanzas<\/h2><p class=\"elementor-image-box-description\"><ul>\n \t<li>Tramitar el N\u00famero de Identificaci\u00f3n Empresarial (EIN) exigido por Hacienda.<\/li>\n \t<li>Ayuda para abrir una cuenta bancaria, formar al tesorero en servicios contables y establecer un presupuesto.<\/li>\n<\/ul><\/p><\/div><\/div>\t\t\t\t<\/div>\n\t\t\t\t<div class=\"elementor-element elementor-element-9356e8a elementor-position-left elementor-position-top elementor-vertical-align-top elementor-widget elementor-widget-image-box\" data-id=\"9356e8a\" data-element_type=\"widget\" data-widget_type=\"image-box.default\">\n\t\t\t\t\t<div class=\"elementor-image-box-wrapper\"><figure class=\"elementor-image-box-img\"><img decoding=\"async\" width=\"1999\" height=\"1123\" src=\"https:\/\/ncuentro.net\/wp-content\/uploads\/2023\/04\/We-created\u200b-Ncuentro.jpg\" class=\"attachment-full size-full wp-image-2972\" alt=\"Insurance Ncuentro Network\" srcset=\"https:\/\/ncuentro.net\/wp-content\/uploads\/2023\/04\/We-created\u200b-Ncuentro.jpg 1999w, https:\/\/ncuentro.net\/wp-content\/uploads\/2023\/04\/We-created\u200b-Ncuentro-300x169.jpg 300w, https:\/\/ncuentro.net\/wp-content\/uploads\/2023\/04\/We-created\u200b-Ncuentro-1024x575.jpg 1024w, https:\/\/ncuentro.net\/wp-content\/uploads\/2023\/04\/We-created\u200b-Ncuentro-768x431.jpg 768w, https:\/\/ncuentro.net\/wp-content\/uploads\/2023\/04\/We-created\u200b-Ncuentro-1536x863.jpg 1536w\" sizes=\"(max-width: 1999px) 100vw, 1999px\" \/><\/figure><div class=\"elementor-image-box-content\"><h2 class=\"elementor-image-box-title\">Seguro<\/h2><p class=\"elementor-image-box-description\">Asesorar sobre la obtenci\u00f3n del seguro de responsabilidad civil necesario.<\/p><\/div><\/div>\t\t\t\t<\/div>\n\t\t\t\t<\/div>\n\t\t\t\t\t<\/div>\n\t\t\t\t<\/div>\n\t\t<div class=\"elementor-element elementor-element-93d8262 e-flex e-con-boxed e-con e-parent\" data-id=\"93d8262\" data-element_type=\"container\" data-settings=\"{&quot;background_background&quot;:&quot;classic&quot;}\">\n\t\t\t\t\t<div class=\"e-con-inner\">\n\t\t\t\t<div class=\"elementor-element elementor-element-a6ef05a elementor-widget elementor-widget-icon-box\" data-id=\"a6ef05a\" data-element_type=\"widget\" data-widget_type=\"icon-box.default\">\n\t\t\t\t\t\t\t<div class=\"elementor-icon-box-wrapper\">\n\n\t\t\t\n\t\t\t\t\t\t<div class=\"elementor-icon-box-content\">\n\n\t\t\t\t\t\t\t\t\t<h3 class=\"elementor-icon-box-title translation-block\">\u00danete<br><b>a la Red<\/b><\/h3>\n\t\t\t\t\n\t\t\t\t\t\t\t\t\t<p class=\"elementor-icon-box-description\">\n\t\t\t\t\t\tDescubra c\u00f3mo hacerse socio\t\t\t\t\t<\/p>\n\t\t\t\t\n\t\t\t<\/div>\n\t\t\t\n\t\t<\/div>\n\t\t\t\t\t\t<\/div>\n\t\t\t\t<div class=\"elementor-element elementor-element-982a591 elementor-invisible elementor-widget elementor-widget-accordion\" data-id=\"982a591\" data-element_type=\"widget\" data-settings=\"{&quot;_animation&quot;:&quot;fadeInUp&quot;}\" data-widget_type=\"accordion.default\">\n\t\t\t\t\t\t\t<div class=\"elementor-accordion\">\n\t\t\t\t\t\t\t<div class=\"elementor-accordion-item\">\n\t\t\t\t\t<div id=\"elementor-tab-title-1591\" class=\"elementor-tab-title\" data-tab=\"1\" role=\"button\" aria-controls=\"elementor-tab-content-1591\" aria-expanded=\"false\">\n\t\t\t\t\t\t\t\t\t\t\t\t<a class=\"elementor-accordion-title\" tabindex=\"0\">Requisitos para ser miembro de nuestra Red<\/a>\n\t\t\t\t\t<\/div>\n\t\t\t\t\t<div id=\"elementor-tab-content-1591\" class=\"elementor-tab-content elementor-clearfix\" data-tab=\"1\" role=\"region\" aria-labelledby=\"elementor-tab-title-1591\"><ol><li>Una llamada para plantar o estar plantando una nueva iglesia.<\/li><li>Participar en una evaluaci\u00f3n de plantadores de iglesias aprobada por nuestra Red.<\/li><\/ol><\/div>\n\t\t\t\t<\/div>\n\t\t\t\t\t\t\t<div class=\"elementor-accordion-item\">\n\t\t\t\t\t<div id=\"elementor-tab-title-1592\" class=\"elementor-tab-title translation-block\" data-tab=\"2\" role=\"button\" aria-controls=\"elementor-tab-content-1592\" aria-expanded=\"false\">Beneficios de ser un Plantador de Iglesias<\/div>\n\t\t\t\t\t<div id=\"elementor-tab-content-1592\" class=\"elementor-tab-content elementor-clearfix\" data-tab=\"2\" role=\"region\" aria-labelledby=\"elementor-tab-title-1592\"><ol><li>Asesoramiento gratuito con mentores experimentados en la plantaci\u00f3n de nuevas iglesias.<\/li><li>Precios especiales en servicios para iglesias y ministerios.<\/li><li>Sitio web de donaciones para procesar donaciones para su ministerio.<\/li><\/ol><\/div>\n\t\t\t\t<\/div>\n\t\t\t\t\t\t\t<div class=\"elementor-accordion-item\">\n\t\t\t\t\t<div id=\"elementor-tab-title-1593\" class=\"elementor-tab-title\" data-tab=\"3\" role=\"button\" aria-controls=\"elementor-tab-content-1593\" aria-expanded=\"false\">\n\t\t\t\t\t\t\t\t\t\t\t\t<a class=\"elementor-accordion-title\" tabindex=\"0\">Costos de afiliaci\u00f3n a nuestra Red<\/a>\n\t\t\t\t\t<\/div>\n\t\t\t\t\t<div id=\"elementor-tab-content-1593\" class=\"elementor-tab-content elementor-clearfix\" data-tab=\"3\" role=\"region\" aria-labelledby=\"elementor-tab-title-1593\"><p>Cada plantador de iglesias debe contribuir con una donaci\u00f3n mensual de al menos $50.00 al Fondo Operativo.<\/p><\/div>\n\t\t\t\t<\/div>\n\t\t\t\t\t\t\t\t<\/div>\n\t\t\t\t\t\t<\/div>\n\t\t\t\t<div class=\"elementor-element elementor-element-9694a57 elementor-align-center elementor-tablet-align-center elementor-mobile-align-justify animated-fast elementor-invisible elementor-widget elementor-widget-button\" data-id=\"9694a57\" data-element_type=\"widget\" data-settings=\"{&quot;_animation&quot;:&quot;fadeInUp&quot;}\" data-widget_type=\"button.default\">\n\t\t\t\t\t\t\t\t\t\t<a class=\"elementor-button elementor-button-link elementor-size-md\" href=\"https:\/\/ncuentro.net\/es\/become-a-member\/\" target=\"_blank\">\n\t\t\t\t\t\t<span class=\"elementor-button-content-wrapper\">\n\t\t\t\t\t\t\t\t\t<span class=\"elementor-button-text\">\u00danete a nosotros<\/span>\n\t\t\t\t\t<\/span>\n\t\t\t\t\t<\/a>\n\t\t\t\t\t\t\t\t<\/div>\n\t\t\t\t\t<\/div>\n\t\t\t\t<\/div>\n\t\t\t\t<\/div>","protected":false},"excerpt":{"rendered":"<p>We help with the processes that most Church Planters are unaware of. We understand the challenge of starting a new Church. Legal Assistance with incorporation requirements. Advice on contracts that may be necessary. Establish policies that provide legal protection. Financial Process the Employer Identification Number (EIN) required by the IRS. Assistance in opening a bank [&hellip;]<\/p>","protected":false},"author":2,"featured_media":2997,"parent":269,"menu_order":0,"comment_status":"closed","ping_status":"closed","template":"","meta":{"footnotes":""},"class_list":["post-175","page","type-page","status-publish","has-post-thumbnail","hentry"],"_links":{"self":[{"href":"https:\/\/ncuentro.net\/es\/wp-json\/wp\/v2\/pages\/175","targetHints":{"allow":["GET"]}}],"collection":[{"href":"https:\/\/ncuentro.net\/es\/wp-json\/wp\/v2\/pages"}],"about":[{"href":"https:\/\/ncuentro.net\/es\/wp-json\/wp\/v2\/types\/page"}],"author":[{"embeddable":true,"href":"https:\/\/ncuentro.net\/es\/wp-json\/wp\/v2\/users\/2"}],"replies":[{"embeddable":true,"href":"https:\/\/ncuentro.net\/es\/wp-json\/wp\/v2\/comments?post=175"}],"version-history":[{"count":0,"href":"https:\/\/ncuentro.net\/es\/wp-json\/wp\/v2\/pages\/175\/revisions"}],"up":[{"embeddable":true,"href":"https:\/\/ncuentro.net\/es\/wp-json\/wp\/v2\/pages\/269"}],"wp:featuredmedia":[{"embeddable":true,"href":"https:\/\/ncuentro.net\/es\/wp-json\/wp\/v2\/media\/2997"}],"wp:attachment":[{"href":"https:\/\/ncuentro.net\/es\/wp-json\/wp\/v2\/media?parent=175"}],"curies":[{"name":"wp","href":"https:\/\/api.w.org\/{rel}","templated":true}]}}